{"id":9,"date":"2022-01-30T10:41:46","date_gmt":"2022-01-30T09:41:46","guid":{"rendered":"http:\/\/lethau.com\/?page_id=9"},"modified":"2022-03-03T16:24:14","modified_gmt":"2022-03-03T15:24:14","slug":"le-thau","status":"publish","type":"page","link":"https:\/\/lethau.com\/","title":{"rendered":""},"content":{"rendered":"\n<figure class=\"wp-block-image size-large\"><img loading=\"lazy\" decoding=\"async\" width=\"1024\" height=\"1024\" src=\"https:\/\/lethau.com\/wp-content\/uploads\/2022\/03\/Photo-08-bis-gray-1-1024x1024.png\" alt=\"\" class=\"wp-image-129\" srcset=\"https:\/\/lethau.com\/wp-content\/uploads\/2022\/03\/Photo-08-bis-gray-1-1024x1024.png 1024w, https:\/\/lethau.com\/wp-content\/uploads\/2022\/03\/Photo-08-bis-gray-1-300x300.png 300w, https:\/\/lethau.com\/wp-content\/uploads\/2022\/03\/Photo-08-bis-gray-1-150x150.png 150w, https:\/\/lethau.com\/wp-content\/uploads\/2022\/03\/Photo-08-bis-gray-1-768x768.png 768w, https:\/\/lethau.com\/wp-content\/uploads\/2022\/03\/Photo-08-bis-gray-1-100x100.png 100w, https:\/\/lethau.com\/wp-content\/uploads\/2022\/03\/Photo-08-bis-gray-1-250x250.png 250w, https:\/\/lethau.com\/wp-content\/uploads\/2022\/03\/Photo-08-bis-gray-1-350x350.png 350w, https:\/\/lethau.com\/wp-content\/uploads\/2022\/03\/Photo-08-bis-gray-1.png 1200w\" sizes=\"auto, (max-width: 706px) 89vw, (max-width: 767px) 82vw, 740px\" \/><\/figure>\n\n\n\n<div class=\"wp-block-group alignfull has-background\" style=\"background-color:#f8f4e4\"><div class=\"wp-block-group__inner-container is-layout-flow wp-block-group-is-layout-flow\">\n<div class=\"wp-block-columns alignwide is-layout-flex wp-container-core-columns-is-layout-9d6595d7 wp-block-columns-is-layout-flex\">\n<div class=\"wp-block-column is-layout-flow wp-block-column-is-layout-flow\">\n<h6 class=\"has-text-color wp-block-heading\" id=\"ecosystem\" style=\"color:#000000\"><strong>Couteau \u00e0 hu\u00eetres<\/strong><\/h6>\n\n\n\n<p class=\"has-text-color\" style=\"color:#000000;font-size:5vw;line-height:1.1\"><strong> \u00ab&nbsp;Le Thau&nbsp;\u00bb<\/strong><\/p>\n<\/div>\n<\/div>\n\n\n\n<div class=\"wp-block-group alignwide\"><div class=\"wp-block-group__inner-container is-layout-flow wp-block-group-is-layout-flow\"><\/div><\/div>\n<\/div><\/div>\n\n\n\n<figure class=\"wp-block-gallery aligncenter has-nested-images columns-default is-cropped wp-block-gallery-1 is-layout-flex wp-block-gallery-is-layout-flex\">\n<figure class=\"wp-block-image size-large\"><img loading=\"lazy\" decoding=\"async\" width=\"1024\" height=\"683\" data-id=\"24\" src=\"http:\/\/lethau.com\/wp-content\/uploads\/2022\/01\/aime-cox-tennant-B4g_8cXAdGU-unsplash-1024x683.jpg\" alt=\"\" class=\"wp-image-24\" srcset=\"https:\/\/lethau.com\/wp-content\/uploads\/2022\/01\/aime-cox-tennant-B4g_8cXAdGU-unsplash-1024x683.jpg 1024w, https:\/\/lethau.com\/wp-content\/uploads\/2022\/01\/aime-cox-tennant-B4g_8cXAdGU-unsplash-scaled-350x233.jpg 350w, https:\/\/lethau.com\/wp-content\/uploads\/2022\/01\/aime-cox-tennant-B4g_8cXAdGU-unsplash-300x200.jpg 300w, https:\/\/lethau.com\/wp-content\/uploads\/2022\/01\/aime-cox-tennant-B4g_8cXAdGU-unsplash-768x512.jpg 768w, https:\/\/lethau.com\/wp-content\/uploads\/2022\/01\/aime-cox-tennant-B4g_8cXAdGU-unsplash-1536x1024.jpg 1536w, https:\/\/lethau.com\/wp-content\/uploads\/2022\/01\/aime-cox-tennant-B4g_8cXAdGU-unsplash-2048x1365.jpg 2048w\" sizes=\"auto, (max-width: 706px) 89vw, (max-width: 767px) 82vw, 740px\" \/><\/figure>\n\n\n\n<figure class=\"wp-block-image size-large\"><img loading=\"lazy\" decoding=\"async\" width=\"1024\" height=\"1024\" data-id=\"85\" src=\"http:\/\/lethau.com\/wp-content\/uploads\/2022\/03\/photo-04-1024x1024.png\" alt=\"\" class=\"wp-image-85\" srcset=\"https:\/\/lethau.com\/wp-content\/uploads\/2022\/03\/photo-04-1024x1024.png 1024w, https:\/\/lethau.com\/wp-content\/uploads\/2022\/03\/photo-04-250x250.png 250w, https:\/\/lethau.com\/wp-content\/uploads\/2022\/03\/photo-04-100x100.png 100w, https:\/\/lethau.com\/wp-content\/uploads\/2022\/03\/photo-04-350x350.png 350w, https:\/\/lethau.com\/wp-content\/uploads\/2022\/03\/photo-04-300x300.png 300w, https:\/\/lethau.com\/wp-content\/uploads\/2022\/03\/photo-04-150x150.png 150w, https:\/\/lethau.com\/wp-content\/uploads\/2022\/03\/photo-04-768x768.png 768w, https:\/\/lethau.com\/wp-content\/uploads\/2022\/03\/photo-04.png 1200w\" sizes=\"auto, (max-width: 706px) 89vw, (max-width: 767px) 82vw, 740px\" \/><\/figure>\n\n\n\n<figure class=\"wp-block-image size-large\"><img loading=\"lazy\" decoding=\"async\" width=\"1024\" height=\"683\" data-id=\"26\" src=\"http:\/\/lethau.com\/wp-content\/uploads\/2022\/01\/thomas-john-7q6pW_OJFx8-unsplash-1024x683.jpg\" alt=\"\" class=\"wp-image-26\" srcset=\"https:\/\/lethau.com\/wp-content\/uploads\/2022\/01\/thomas-john-7q6pW_OJFx8-unsplash-1024x683.jpg 1024w, https:\/\/lethau.com\/wp-content\/uploads\/2022\/01\/thomas-john-7q6pW_OJFx8-unsplash-scaled-350x233.jpg 350w, https:\/\/lethau.com\/wp-content\/uploads\/2022\/01\/thomas-john-7q6pW_OJFx8-unsplash-300x200.jpg 300w, https:\/\/lethau.com\/wp-content\/uploads\/2022\/01\/thomas-john-7q6pW_OJFx8-unsplash-768x512.jpg 768w, https:\/\/lethau.com\/wp-content\/uploads\/2022\/01\/thomas-john-7q6pW_OJFx8-unsplash-1536x1024.jpg 1536w, https:\/\/lethau.com\/wp-content\/uploads\/2022\/01\/thomas-john-7q6pW_OJFx8-unsplash-2048x1365.jpg 2048w\" sizes=\"auto, (max-width: 706px) 89vw, (max-width: 767px) 82vw, 740px\" \/><\/figure>\n\n\n\n<figure class=\"wp-block-image size-large\"><img loading=\"lazy\" decoding=\"async\" width=\"1024\" height=\"1024\" data-id=\"86\" src=\"https:\/\/lethau.com\/wp-content\/uploads\/2022\/03\/Photo-07-1024x1024.png\" alt=\"\" class=\"wp-image-86\" srcset=\"https:\/\/lethau.com\/wp-content\/uploads\/2022\/03\/Photo-07-1024x1024.png 1024w, https:\/\/lethau.com\/wp-content\/uploads\/2022\/03\/Photo-07-250x250.png 250w, https:\/\/lethau.com\/wp-content\/uploads\/2022\/03\/Photo-07-100x100.png 100w, https:\/\/lethau.com\/wp-content\/uploads\/2022\/03\/Photo-07-350x350.png 350w, https:\/\/lethau.com\/wp-content\/uploads\/2022\/03\/Photo-07-300x300.png 300w, https:\/\/lethau.com\/wp-content\/uploads\/2022\/03\/Photo-07-150x150.png 150w, https:\/\/lethau.com\/wp-content\/uploads\/2022\/03\/Photo-07-768x768.png 768w, https:\/\/lethau.com\/wp-content\/uploads\/2022\/03\/Photo-07.png 1200w\" sizes=\"auto, (max-width: 706px) 89vw, (max-width: 767px) 82vw, 740px\" \/><\/figure>\n\n\n\n<figure class=\"wp-block-image size-large\"><img loading=\"lazy\" decoding=\"async\" width=\"1024\" height=\"1024\" data-id=\"87\" src=\"https:\/\/lethau.com\/wp-content\/uploads\/2022\/03\/Photo-08-1024x1024.png\" alt=\"\" class=\"wp-image-87\" srcset=\"https:\/\/lethau.com\/wp-content\/uploads\/2022\/03\/Photo-08-1024x1024.png 1024w, https:\/\/lethau.com\/wp-content\/uploads\/2022\/03\/Photo-08-250x250.png 250w, https:\/\/lethau.com\/wp-content\/uploads\/2022\/03\/Photo-08-100x100.png 100w, https:\/\/lethau.com\/wp-content\/uploads\/2022\/03\/Photo-08-350x350.png 350w, https:\/\/lethau.com\/wp-content\/uploads\/2022\/03\/Photo-08-300x300.png 300w, https:\/\/lethau.com\/wp-content\/uploads\/2022\/03\/Photo-08-150x150.png 150w, https:\/\/lethau.com\/wp-content\/uploads\/2022\/03\/Photo-08-768x768.png 768w, https:\/\/lethau.com\/wp-content\/uploads\/2022\/03\/Photo-08.png 1200w\" sizes=\"auto, (max-width: 706px) 89vw, (max-width: 767px) 82vw, 740px\" \/><\/figure>\n\n\n\n<figure class=\"wp-block-image size-large\"><img loading=\"lazy\" decoding=\"async\" width=\"1024\" height=\"683\" data-id=\"88\" src=\"https:\/\/lethau.com\/wp-content\/uploads\/2022\/03\/Photo-10-large-1024x683.png\" alt=\"\" class=\"wp-image-88\" srcset=\"https:\/\/lethau.com\/wp-content\/uploads\/2022\/03\/Photo-10-large-1024x683.png 1024w, https:\/\/lethau.com\/wp-content\/uploads\/2022\/03\/Photo-10-large-350x233.png 350w, https:\/\/lethau.com\/wp-content\/uploads\/2022\/03\/Photo-10-large-300x200.png 300w, https:\/\/lethau.com\/wp-content\/uploads\/2022\/03\/Photo-10-large-768x512.png 768w, https:\/\/lethau.com\/wp-content\/uploads\/2022\/03\/Photo-10-large-1536x1024.png 1536w, https:\/\/lethau.com\/wp-content\/uploads\/2022\/03\/Photo-10-large-2048x1365.png 2048w\" sizes=\"auto, (max-width: 706px) 89vw, (max-width: 767px) 82vw, 740px\" \/><\/figure>\n\n\n\n<figure class=\"wp-block-image size-large\"><img loading=\"lazy\" decoding=\"async\" width=\"1024\" height=\"683\" data-id=\"127\" src=\"https:\/\/lethau.com\/wp-content\/uploads\/2022\/03\/DSC03928-1024x683.jpg\" alt=\"\" class=\"wp-image-127\" srcset=\"https:\/\/lethau.com\/wp-content\/uploads\/2022\/03\/DSC03928-1024x683.jpg 1024w, https:\/\/lethau.com\/wp-content\/uploads\/2022\/03\/DSC03928-300x200.jpg 300w, https:\/\/lethau.com\/wp-content\/uploads\/2022\/03\/DSC03928-768x512.jpg 768w, https:\/\/lethau.com\/wp-content\/uploads\/2022\/03\/DSC03928-1536x1024.jpg 1536w, https:\/\/lethau.com\/wp-content\/uploads\/2022\/03\/DSC03928-2048x1365.jpg 2048w, https:\/\/lethau.com\/wp-content\/uploads\/2022\/03\/DSC03928-350x233.jpg 350w\" sizes=\"auto, (max-width: 706px) 89vw, (max-width: 767px) 82vw, 740px\" \/><\/figure>\n<\/figure>\n\n\n\n<figure class=\"wp-block-image size-large\"><img loading=\"lazy\" decoding=\"async\" width=\"1024\" height=\"1024\" src=\"https:\/\/lethau.com\/wp-content\/uploads\/2022\/03\/Photo-15-coup-1024x1024.png\" alt=\"\" class=\"wp-image-128\" srcset=\"https:\/\/lethau.com\/wp-content\/uploads\/2022\/03\/Photo-15-coup-1024x1024.png 1024w, https:\/\/lethau.com\/wp-content\/uploads\/2022\/03\/Photo-15-coup-300x300.png 300w, https:\/\/lethau.com\/wp-content\/uploads\/2022\/03\/Photo-15-coup-150x150.png 150w, https:\/\/lethau.com\/wp-content\/uploads\/2022\/03\/Photo-15-coup-768x768.png 768w, https:\/\/lethau.com\/wp-content\/uploads\/2022\/03\/Photo-15-coup-100x100.png 100w, https:\/\/lethau.com\/wp-content\/uploads\/2022\/03\/Photo-15-coup-250x250.png 250w, https:\/\/lethau.com\/wp-content\/uploads\/2022\/03\/Photo-15-coup-350x350.png 350w, https:\/\/lethau.com\/wp-content\/uploads\/2022\/03\/Photo-15-coup.png 1200w\" sizes=\"auto, (max-width: 706px) 89vw, (max-width: 767px) 82vw, 740px\" \/><\/figure>\n\n\n\n<pre class=\"wp-block-verse\"><strong>Ce couteau, con\u00e7u avec le concours d\u2019\u00e9caillers professionnels et d\u2019amateurs d\u2019hu\u00eetres, s\u2019adresse \u00e0 tout public. Son design r\u00e9pond \u00e0 un triple imp\u00e9ratif&nbsp;: efficacit\u00e9, s\u00e9curit\u00e9<\/strong>\n<strong>et simplicit\u00e9.<\/strong><\/pre>\n\n\n\n<div class=\"wp-block-columns is-layout-flex wp-container-core-columns-is-layout-9d6595d7 wp-block-columns-is-layout-flex\">\n<div class=\"wp-block-column is-layout-flow wp-block-column-is-layout-flow\" style=\"flex-basis:100%\">\n<ul class=\"wp-block-list\"><li>C\u2019est un couteau sans garde, qu\u2019on fait d\u2019abord p\u00e9n\u00e9trer dans l\u2019hu\u00eetre avec le pouce proche de la pointe de la lame, ce qui \u00e9vite tout d\u00e9rapage dangereux.<\/li><\/ul>\n<\/div>\n<\/div>\n\n\n\n<ul class=\"wp-block-list\"><li>Le manche,&nbsp;rond et massif,&nbsp;est&nbsp;en&nbsp;c\u0153ur&nbsp;de&nbsp;buis, bois tr\u00e8s robuste. Son pourtour&nbsp;tr\u00e8s&nbsp;cisel\u00e9 le rend anti&nbsp;glissant.&nbsp;De par sa&nbsp;forme et sa&nbsp;taille&nbsp;compacte,&nbsp;le couteau se loge&nbsp;dans le creux de la main, ce qui&nbsp;facilite la pouss\u00e9e et&nbsp;assure&nbsp;un&nbsp;maintien&nbsp;ferme.<\/li><\/ul>\n\n\n\n<ul class=\"wp-block-list\"><li>La lame&nbsp;est en acier inox tremp\u00e9 de&nbsp;haute&nbsp;duret\u00e9. Elle&nbsp;pr\u00e9sente un double&nbsp;tranchant&nbsp;qui permet&nbsp;de&nbsp;couper&nbsp;dans les deux sens.&nbsp;Un des tranchants est&nbsp;courbe&nbsp;pour pouvoir&nbsp;racler facilement le&nbsp;dessous&nbsp;de la valve sup\u00e9rieure&nbsp;de l\u2019hu\u00eetre&nbsp;et&nbsp;ainsi&nbsp;d\u00e9tacher&nbsp;toute&nbsp;la chair&nbsp;sans rien laisser.<\/li><\/ul>\n\n\n\n<ul class=\"wp-block-list\"><li>La lame pr\u00e9sente \u00e9galement un trou&nbsp;qui&nbsp;d\u2019une part&nbsp;am\u00e9liore&nbsp;la saisie&nbsp;entre les doigts et&nbsp;d\u2019autre part&nbsp;permet de suspendre le couteau \u00e0 un crochet de rangement.<\/li><\/ul>\n\n\n\n<ul class=\"wp-block-list\"><li>Le couteau est livr\u00e9 avec un fourreau de protection en ABS. Il peut ainsi \u00eatre transport\u00e9 sans danger, par exemple dans une poche de v\u00eatement.<\/li><\/ul>\n\n\n\n<pre class=\"wp-block-verse\">Architecte de formation, le concepteur, qui r\u00e9side sur les rives de l\u2019Etang de Thau&nbsp;depuis une trentaine d\u2019ann\u00e9es, est passionn\u00e9 par l\u2019ergonomie des couteaux \u00e0 hu\u00eetres. \nEn cr\u00e9ant ce mod\u00e8le, il livre la synth\u00e8se de son exp\u00e9rience et de ses contacts \navec les utilisateurs.<\/pre>\n\n\n\n<div class=\"wp-block-columns is-layout-flex wp-container-core-columns-is-layout-9d6595d7 wp-block-columns-is-layout-flex\">\n<div class=\"wp-block-column is-vertically-aligned-center is-layout-flow wp-block-column-is-layout-flow\" style=\"flex-basis:100%\">\n<pre class=\"wp-block-verse\">Couteau \u00e0 hu\u00eetres \u00ab&nbsp;Le Thau&nbsp;\u00bb, marque et&nbsp;mod\u00e8le d\u00e9pos\u00e9s.<\/pre>\n<\/div>\n<\/div>\n","protected":false},"excerpt":{"rendered":"<p>Couteau \u00e0 hu\u00eetres \u00ab&nbsp;Le Thau&nbsp;\u00bb Ce couteau, con\u00e7u avec le concours d\u2019\u00e9caillers professionnels et d\u2019amateurs d\u2019hu\u00eetres, s\u2019adresse \u00e0 tout public. Son design r\u00e9pond \u00e0 un triple imp\u00e9ratif&nbsp;: efficacit\u00e9, s\u00e9curit\u00e9 et simplicit\u00e9. C\u2019est un couteau sans garde, qu\u2019on fait d\u2019abord p\u00e9n\u00e9trer dans l\u2019hu\u00eetre avec le pouce proche de la pointe de la lame, ce qui \u00e9vite &hellip; <\/p>\n<p class=\"link-more\"><a href=\"https:\/\/lethau.com\/\" class=\"more-link\">Continuer la lecture<span class=\"screen-reader-text\"> de &laquo;&nbsp;&nbsp;&raquo;<\/span><\/a><\/p>\n","protected":false},"author":1,"featured_media":32,"parent":0,"menu_order":0,"comment_status":"closed","ping_status":"closed","template":"","meta":{"footnotes":""},"class_list":["post-9","page","type-page","status-publish","has-post-thumbnail","hentry"],"_links":{"self":[{"href":"https:\/\/lethau.com\/index.php\/wp-json\/wp\/v2\/pages\/9","targetHints":{"allow":["GET"]}}],"collection":[{"href":"https:\/\/lethau.com\/index.php\/wp-json\/wp\/v2\/pages"}],"about":[{"href":"https:\/\/lethau.com\/index.php\/wp-json\/wp\/v2\/types\/page"}],"author":[{"embeddable":true,"href":"https:\/\/lethau.com\/index.php\/wp-json\/wp\/v2\/users\/1"}],"replies":[{"embeddable":true,"href":"https:\/\/lethau.com\/index.php\/wp-json\/wp\/v2\/comments?post=9"}],"version-history":[{"count":24,"href":"https:\/\/lethau.com\/index.php\/wp-json\/wp\/v2\/pages\/9\/revisions"}],"predecessor-version":[{"id":132,"href":"https:\/\/lethau.com\/index.php\/wp-json\/wp\/v2\/pages\/9\/revisions\/132"}],"wp:featuredmedia":[{"embeddable":true,"href":"https:\/\/lethau.com\/index.php\/wp-json\/wp\/v2\/media\/32"}],"wp:attachment":[{"href":"https:\/\/lethau.com\/index.php\/wp-json\/wp\/v2\/media?parent=9"}],"curies":[{"name":"wp","href":"https:\/\/api.w.org\/{rel}","templated":true}]}}